{"id":1744,"date":"2021-02-09T17:41:23","date_gmt":"2021-02-09T17:41:23","guid":{"rendered":"https:\/\/kdsport.pl\/?post_type=product&#038;p=1744"},"modified":"2026-03-11T21:19:18","modified_gmt":"2026-03-11T21:19:18","slug":"kd033","status":"publish","type":"product","link":"https:\/\/kdsport.pl\/index.php\/produkt\/kd033\/","title":{"rendered":"Dr\u0105\u017cek do podci\u0105gania na wymiar nad futryn\u0119 do belki sufitowej fi27 antypo\u015blizgowy marki KDSport.pl \u2013 KD033"},"content":{"rendered":"<p><b>KDSport.pl &#8211; Czas do\u0142\u0105czy\u0107 do najlepszych!<\/b><\/p>\n<p><b>Producent polski, produkt z Polski.<\/b><\/p>\n<p>Dr\u0105\u017cek do podci\u0105gania na wymiar nad futryn\u0119 do belki sufitowej fi27 antypo\u015blizgowy marki KDSport.pl \u2013 KD033<\/p>\n<p><b>Zdj\u0119cia na bia\u0142ym tle oraz zdj\u0119cia przes\u0142ane przez klient\u00f3w:<\/b><\/p>\n<ul>\n<li>Zdj\u0119cia na bia\u0142ym tle przedstawiaj\u0105 sprzedawany przedmiot.<\/li>\n<li>Zdj\u0119cia typu real foto z t\u0142em pochodz\u0105 od zadowolonych i uprzejmych klient\u00f3w, mog\u0105 by\u0107 zdj\u0119ciami pogl\u0105dowymi podobnego modelu (kod modelu jest w g\u00f3rnej lewej stronie zdj\u0119cia).<\/li>\n<li>Zach\u0119cam do dok\u0142adnego zapoznania si\u0119 z opisem. Zdj\u0119cia daj\u0105 og\u00f3lny pogl\u0105d, opis precyzuje parametry produkt\u00f3w.<\/li>\n<\/ul>\n<p><b>Zacznij skutecznie \u0107wiczy\u0107 od teraz!<\/b><\/p>\n<ul>\n<li>Oferowane uchwyty antypo\u015blizgowe to unikat na rynku!<\/li>\n<li>Uchwyty nie obracaj\u0105 si\u0119 wzgl\u0119dem metalowej rury.<\/li>\n<li>Gwarantuj\u0105 pewny chwyt oraz najlepsze wyniki ju\u017c od pierwszych trening\u00f3w!<\/li>\n<\/ul>\n<p><b>U\u017cyte profile stalowe o grubo\u015bci \u015bcianki 1,7-2,5 mm:<\/b><\/p>\n<ul>\n<li>Podstawa &#8211; 20&#215;40 mm<\/li>\n<li>Rami\u0119 &#8211; 25&#215;25 mm<\/li>\n<li>Rura &#8211; fi27 mm<\/li>\n<\/ul>\n<p>Wytrzyma\u0142o\u015b\u0107 &#8211; 157 kg<\/p>\n<p><b>Wymiary sta\u0142e:<\/b><\/p>\n<ul>\n<li>Wysoko\u015b\u0107 ca\u0142kowita podstawy &#8211; 15 cm<\/li>\n<li>Odleg\u0142o\u015b\u0107 ca\u0142kowita od \u015bciany &#8211; 10 cm<\/li>\n<\/ul>\n<p>Tolerancja wszystkich wymiar\u00f3w (+,-) 5 mm, zwykle 1-2 mm.<\/p>\n<p><b>Podczas zakupu prosz\u0119 poda\u0107 wymiary do modyfikacji. Je\u017celi niepodane wymiary, wysy\u0142any jest standard:<\/b><\/p>\n<ul>\n<li>Szeroko\u015b\u0107 ca\u0142kowita &#8211; od 30 do 125 cm (standard 95 cm)<\/li>\n<\/ul>\n<p><b>Prosz\u0119 o przemy\u015blane i sprawdzone wymiary. Przedmiot mo\u017ce i\u015b\u0107 do produkcji w kilka minut po zam\u00f3wieniu.<\/b><\/p>\n<ul>\n<li>System ma mo\u017cliwo\u015b\u0107 modyfikacji wymiaru tylko w podanych powy\u017cej wide\u0142kach wymiarowych, dotycz\u0105cych miejsca wyst\u0119powania wymiaru w przedmiocie. Spowodowane jest to wymiarami paczek, mo\u017cliwo\u015bci\u0105 wyprodukowania oraz wytrzyma\u0142o\u015bci\u0105 produktu.<\/li>\n<li>Mo\u017cliwo\u015b\u0107 przekroczenia wide\u0142ek wymiarowych mo\u017ce by\u0107 dost\u0119pna po mailowym kontakcie z producentem. Nie wszystkie wide\u0142ki da si\u0119 przekroczy\u0107, ale pr\u00f3bowa\u0107 warto.<\/li>\n<\/ul>\n<p><b>Standardowa farba proszkowa &#8211; czarny p\u00f3\u0142mat.<\/b><\/p>\n<ul>\n<li>Na indywidualne zam\u00f3wienie dost\u0119pny jest bia\u0142y kolor farby proszkowej na metalowych profilach\/rurach\/pr\u0119tach\/p\u0142askownikach.<\/li>\n<li>Je\u017celi wyst\u0119puj\u0105: za\u015blepki, owijki i inne elementy, kt\u00f3re nie s\u0105 metalowymi profilami\/rurami\/pr\u0119tami\/p\u0142askownikami b\u0119d\u0105 one czarne.<\/li>\n<li>Je\u017celi farba wy\u0142\u0105cznie na metalowych profilach\/rurach\/pr\u0119tach\/p\u0142askownikach ma by\u0107 bia\u0142a, w wiadomo\u015bci do sprzedaj\u0105cego prosz\u0119 napisa\u0107 &#8222;bia\u0142y kolor farby&#8221;.<\/li>\n<\/ul>\n<p><b>W zestawie znajduje si\u0119:<\/b><\/p>\n<ul>\n<li>Niezb\u0119dny zestaw ko\u0142k\u00f3w ocynkowanych z za\u015blepk\u0105 i polipropylenowym elementem rozporowym. Wytrzyma\u0142o\u015b\u0107 na rozci\u0105ganie wed\u0142ug producenta &#8211; 2200 kg. D\u0142ugo\u015b\u0107 wkr\u0119tu &#8211; 120 mm, \u015brednica wkr\u0119tu &#8211; 8 mm.<\/li>\n<li>Ko\u0142ek jest przeznaczony do betonu, ceg\u0142y pe\u0142nej i betonu kom\u00f3rkowego.<\/li>\n<li>Ko\u0142ek oraz przedmiot nie nadaje si\u0119 do karton-gipsu, oraz innych mi\u0119kkich\/kruchych i \u0142amliwych powierzchni.<\/li>\n<li>Nie posiadam innych ko\u0142k\u00f3w od powy\u017cszych. Je\u017celi wkr\u0119t jest zbyt d\u0142ugi, mo\u017cna odci\u0105\u0107 nadmiar pi\u0142k\u0105 r\u0119czn\u0105.<\/li>\n<\/ul>\n<p><b>Przed monta\u017cem nale\u017cy przygotowa\u0107:<\/b><\/p>\n<ul>\n<li>Wiert\u0142o o \u015brednicy wiercenia 12 mm<\/li>\n<li>Klucz numer 13<\/li>\n<\/ul>\n<p><b>Wkr\u0119t dokr\u0119camy tak, aby po dokr\u0119ceniu lekko dotyka\u0142 profilu. Dokr\u0119canie wkr\u0119tu na si\u0142\u0119 skutkuje jego urwaniem. Je\u017celi wkr\u0119t wkr\u0119ca si\u0119 ci\u0119\u017cko w po\u0142owie drogi, nale\u017cy wykr\u0119ci\u0107 wkr\u0119t, nasmarowa\u0107 i ponownie wkr\u0119ca\u0107.<\/b><\/p>\n<p><b>Wkr\u0119ty i dodatki znajduj\u0105 si\u0119 w folii. Prosz\u0119 uwa\u017ca\u0107, aby nie zutylizowa\u0107 wkr\u0119t\u00f3w.<\/b><\/p>\n<p><b>Producent i osoba odpowiedzialna:<\/b><\/p>\n<ul>\n<li>KDSport.pl FachArt Tomasz B\u0142aszczyk<\/li>\n<li>ul. Jeziorna 63, Piotrk\u00f3w Tryb.<\/li>\n<li>NIP: 7712697521<\/li>\n<li>Mail: KDSport.pl@gmail.com<\/li>\n<\/ul>\n<p><b>Ostrze\u017cenia dotycz\u0105ce u\u017cytkowania produktu:<\/b><\/p>\n<ul>\n<li>Produkt przeznaczony jest wy\u0142\u0105cznie do zastosowa\u0144 zgodnych z jego przeznaczeniem (tytu\u0142 oferty). Nieodpowiednie u\u017cycie mo\u017ce prowadzi\u0107 do uszkodze\u0144 cia\u0142a i strat materialnych.<\/li>\n<li>Produkt nale\u017cy przykr\u0119ca\u0107 do \u015bciany\/sufitu tak, jak opisano w informacji o wkr\u0119tach.<\/li>\n<li>Je\u017celi wyst\u0119puj\u0105 \u015bruby, nale\u017cy je mocno dokr\u0119ci\u0107 i sprawdza\u0107 stan dokr\u0119cenia przed ka\u017cdym u\u017cyciem.<\/li>\n<li>Na wszystkie \u0142by wkr\u0119t\u00f3w i \u015brub nale\u017cy za\u0142o\u017cy\u0107 za\u015blepk\u0119 dost\u0119pn\u0105 w zestawie.<\/li>\n<li>Je\u017celi produkt sk\u0142ada si\u0119 z cz\u0119\u015bci, nale\u017cy zmontowa\u0107 go w ca\u0142o\u015b\u0107 tak jak na zdj\u0119ciach.<\/li>\n<li>U\u017cytkownik ponosi odpowiedzialno\u015b\u0107 za prawid\u0142owy monta\u017c i stosowanie produktu.<\/li>\n<li>Produkt nie jest przeznaczony dla dzieci, niepe\u0142nosprawnych i os\u00f3b o s\u0142abym zdrowiu.<\/li>\n<li>Nie przekracza\u0107 maksymalnego obci\u0105\u017cenia.<\/li>\n<li>Nie nale\u017cy wk\u0142ada\u0107 palc\u00f3w do otwor\u00f3w w profilach i rurach. Grozi to okaleczeniem. Profile i rury s\u0105 szlifowane od \u015brodka, aby zmniejszy\u0107 ryzyko okaleczenia.<\/li>\n<li>Przed ka\u017cdym u\u017cyciem sprawdza\u0107 stan po\u0142\u0105cze\u0144 spawalniczych oraz ca\u0142ej konstrukcji pod k\u0105tem p\u0119kni\u0119\u0107, deformacji lub oznak korozji. Sprawdzi\u0107 kompletno\u015b\u0107 produktu, stan wkr\u0119t\u00f3w w \u015bcianie oraz dokr\u0119cenie \u015brub.<\/li>\n<li>W razie zauwa\u017cenia uszkodze\u0144 produktu nale\u017cy niezw\u0142ocznie wycofa\u0107 go z u\u017cytkowania.<\/li>\n<li>W przypadku jakichkolwiek w\u0105tpliwo\u015bci co do stanu technicznego produktu lub jego u\u017cytkowania, nale\u017cy skonsultowa\u0107 si\u0119 z producentem.<\/li>\n<\/ul>\n<p>Producent nie ponosi odpowiedzialno\u015bci za szkody wynikaj\u0105ce z niew\u0142a\u015bciwego u\u017cytkowania, modyfikacji produktu lub zignorowania powy\u017cszych ostrze\u017ce\u0144.<\/p>\n<p><b>Realizacja:<\/b><\/p>\n<ul>\n<li>Po zakupie zam\u00f3wienie trafia do kolejki realizacji.<\/li>\n<li>Pierwsze\u0144stwo w kolejce mo\u017cna uzyska\u0107, wybieraj\u0105c opcj\u0119 pierwsze\u0144stwa pod koniec zam\u00f3wienia.<\/li>\n<li>\u015aledzenie wysy\u0142ane jest na maila w czasie od jednego do dziesi\u0119ciu dni z wy\u0142\u0105czeniem niedziel i innych \u015bwi\u0105t.<\/li>\n<li>Je\u017celi \u015bledzenie nie podaje lokalizacji przesy\u0142ki, nale\u017cy oczekiwa\u0107 na zmian\u0119 statusu. List przewozowy jest przygotowany wcze\u015bniej, aby przy\u015bpieszy\u0107 wysy\u0142k\u0119 paczki, gdy ta b\u0119dzie gotowa.<\/li>\n<li>Faktura wysy\u0142ana jest na maila w ci\u0105gu maxymalnie kilkunastu dni od zakupu.<\/li>\n<\/ul>\n<p><b>Gdy sprzeda\u017c jest zako\u0144czona, nigdy nie b\u0119dzie mo\u017cliwo\u015bci zakupu modelu z powy\u017cszej oferty. <\/b>(\ufe36;\u1431;\ufe36)<\/p>\n<p><b>W ostatnich miesi\u0105cach roku sprzeda\u017c wszystkich ofert mo\u017ce by\u0107 zawieszona z powodu limitu przychodu.<\/b><\/p>\n<ul>\n<li>Kto ostatni, ten lepszy!<\/li>\n<li>Kto nie zd\u0105\u017cy, zapraszam ponownie 1 stycznia przysz\u0142ego roku!<\/li>\n<li>Merry Christmas and a Happy New Year!<\/li>\n<\/ul>\n<p><b>Uwaga! Ceny \u015bledz\u0105 dane z GUS-u!<\/b><\/p>\n<ul>\n<li>Oferta reaguje na inflacj\u0119 szybciej ni\u017c gie\u0142da!<\/li>\n<li>Kiedy GUS og\u0142asza wzrost inflacji, ceny ch\u0119tnie id\u0105 w \u015blad za zmianami.<\/li>\n<li>Kupuj\u0105c teraz, zawsze wyprzedzasz dane inflacyjne!<\/li>\n<\/ul>\n<p>Pozdrowiynia, Darz B\u00f3r, Ahoj!, Po\u0142amania kija, Pozdrowiom<br \/>\nPozdrawiam Piotr Jezusek<\/p>\n","protected":false},"excerpt":{"rendered":"<p>KDSport.pl &#8211; Czas do\u0142\u0105czy\u0107 do najlepszych! Producent polski, produkt z Polski. Dr\u0105\u017cek do podci\u0105gania na wymiar nad futryn\u0119 do belki sufitowej fi27 antypo\u015blizgowy marki KDSport.pl \u2013 KD033 Zdj\u0119cia na bia\u0142ym tle oraz zdj\u0119cia przes\u0142ane przez klient\u00f3w: Zdj\u0119cia na bia\u0142ym tle przedstawiaj\u0105 sprzedawany przedmiot. Zdj\u0119cia typu real foto z t\u0142em pochodz\u0105 od zadowolonych i uprzejmych klient\u00f3w, [&hellip;]<\/p>\n","protected":false},"featured_media":4651,"template":"","meta":{"site-sidebar-layout":"default","site-content-layout":"default","ast-site-content-layout":"default","site-content-style":"default","site-sidebar-style":"default","ast-global-header-display":"","ast-banner-title-visibility":"","ast-main-header-display":"","ast-hfb-above-header-display":"","ast-hfb-below-header-display":"","ast-hfb-mobile-header-display":"","site-post-title":"","ast-breadcrumbs-content":"","ast-featured-img":"","footer-sml-layout":"","ast-disable-related-posts":"","theme-transparent-header-meta":"default","adv-header-id-meta":"","stick-header-meta":"","header-above-stick-meta":"","header-main-stick-meta":"","header-below-stick-meta":"","astra-migrate-meta-layouts":"set","ast-page-background-enabled":"default","ast-page-background-meta":{"desktop":{"background-color":"","background-image":"","background-repeat":"repeat","background-position":"center center","background-size":"auto","background-attachment":"scroll","background-type":"","background-media":"","overlay-type":"","overlay-color":"","overlay-opacity":"","overlay-gradient":""},"tablet":{"background-color":"","background-image":"","background-repeat":"repeat","background-position":"center center","background-size":"auto","background-attachment":"scroll","background-type":"","background-media":"","overlay-type":"","overlay-color":"","overlay-opacity":"","overlay-gradient":""},"mobile":{"background-color":"","background-image":"","background-repeat":"repeat","background-position":"center center","background-size":"auto","background-attachment":"scroll","background-type":"","background-media":"","overlay-type":"","overlay-color":"","overlay-opacity":"","overlay-gradient":""}},"ast-content-background-meta":{"desktop":{"background-color":"var(--ast-global-color-5)","background-image":"","background-repeat":"repeat","background-position":"center center","background-size":"auto","background-attachment":"scroll","background-type":"","background-media":"","overlay-type":"","overlay-color":"","overlay-opacity":"","overlay-gradient":""},"tablet":{"background-color":"var(--ast-global-color-5)","background-image":"","background-repeat":"repeat","background-position":"center center","background-size":"auto","background-attachment":"scroll","background-type":"","background-media":"","overlay-type":"","overlay-color":"","overlay-opacity":"","overlay-gradient":""},"mobile":{"background-color":"var(--ast-global-color-5)","background-image":"","background-repeat":"repeat","background-position":"center center","background-size":"auto","background-attachment":"scroll","background-type":"","background-media":"","overlay-type":"","overlay-color":"","overlay-opacity":"","overlay-gradient":""}}},"product_brand":[],"product_cat":[24],"product_tag":[],"class_list":{"0":"post-1744","1":"product","2":"type-product","3":"status-publish","4":"has-post-thumbnail","6":"product_cat-drazki-do-podciagania","7":"desktop-align-center","8":"tablet-align-left","9":"mobile-align-left","11":"first","12":"instock","13":"shipping-taxable","14":"purchasable","15":"product-type-simple"},"_links":{"self":[{"href":"https:\/\/kdsport.pl\/index.php\/wp-json\/wp\/v2\/product\/1744","targetHints":{"allow":["GET"]}}],"collection":[{"href":"https:\/\/kdsport.pl\/index.php\/wp-json\/wp\/v2\/product"}],"about":[{"href":"https:\/\/kdsport.pl\/index.php\/wp-json\/wp\/v2\/types\/product"}],"version-history":[{"count":10,"href":"https:\/\/kdsport.pl\/index.php\/wp-json\/wp\/v2\/product\/1744\/revisions"}],"predecessor-version":[{"id":4946,"href":"https:\/\/kdsport.pl\/index.php\/wp-json\/wp\/v2\/product\/1744\/revisions\/4946"}],"wp:featuredmedia":[{"embeddable":true,"href":"https:\/\/kdsport.pl\/index.php\/wp-json\/wp\/v2\/media\/4651"}],"wp:attachment":[{"href":"https:\/\/kdsport.pl\/index.php\/wp-json\/wp\/v2\/media?parent=1744"}],"wp:term":[{"taxonomy":"product_brand","embeddable":true,"href":"https:\/\/kdsport.pl\/index.php\/wp-json\/wp\/v2\/product_brand?post=1744"},{"taxonomy":"product_cat","embeddable":true,"href":"https:\/\/kdsport.pl\/index.php\/wp-json\/wp\/v2\/product_cat?post=1744"},{"taxonomy":"product_tag","embeddable":true,"href":"https:\/\/kdsport.pl\/index.php\/wp-json\/wp\/v2\/product_tag?post=1744"}],"curies":[{"name":"wp","href":"https:\/\/api.w.org\/{rel}","templated":true}]}}